{"id":663,"date":"2022-06-13T16:18:47","date_gmt":"2022-06-13T16:18:47","guid":{"rendered":"http:\/\/www.iepmrc.edu.pe\/?page_id=663"},"modified":"2022-06-13T16:18:48","modified_gmt":"2022-06-13T16:18:48","slug":"himno-del-colegio","status":"publish","type":"page","link":"https:\/\/www.iepmrc.edu.pe\/index.php\/himno-del-colegio\/","title":{"rendered":"Himno del Colegio"},"content":{"rendered":"\n<h2 class=\"has-text-align-center wp-block-heading\">HIMNO DEL COLEGIO<br>CORO<br>Gloria a ti paradigma de vida<br>\u201cRAMON CASTILLA\u201d, templo del saber.<br>En tus aulas radiantes florece<br>el Amor por la Patria y por Dios<br>ESTROFAS<br>I<br>M\u00e1s all\u00e1 del conf\u00edn de tu suelo,<br>por la ruta de un nuevo ideal,<br>forjaremos la paz y justicia,<br>que Castilla ense\u00f1o en libertad.<br>Es tu lema el Amor a la Patria,<br>DISCIPLINA tu noble virtud,<br>no hay barrera que impida lo tuyo<br>es tu meta; la SUPERACI\u00d3N.<br>II<br>Juventud del \u201cCastilla\u00bb s\u00e9 ejemplo,<br>de valor, de virtud y de fe.<br>Toquepala tu patria peque\u00f1a,<br>hoy y siempre conf\u00eda en ti.<br>El Per\u00fa ser\u00e1 grande un ma\u00f1ana<br>con tu esfuerzo y dedicaci\u00f3n,<br>El estudio tenaz sea hoy d\u00eda<br>la simiente de un mundo mejor.<\/h2>\n","protected":false},"excerpt":{"rendered":"<p>HIMNO DEL COLEGIOCOROGloria a ti paradigma de vida\u201cRAMON CASTILLA\u201d, templo del saber.En tus aulas radiantes floreceel Amor por la Patria y por DiosESTROFASIM\u00e1s all\u00e1 del conf\u00edn de tu suelo,por la ruta de un nuevo ideal,forjaremos la paz y justicia,que Castilla ense\u00f1o en libertad.Es tu lema el Amor a la Patria,DISCIPLINA tu noble virtud,no hay barrera [&hellip;]<\/p>\n","protected":false},"author":1,"featured_media":0,"parent":0,"menu_order":0,"comment_status":"closed","ping_status":"closed","template":"","meta":{"ngg_post_thumbnail":0},"_links":{"self":[{"href":"https:\/\/www.iepmrc.edu.pe\/index.php\/wp-json\/wp\/v2\/pages\/663"}],"collection":[{"href":"https:\/\/www.iepmrc.edu.pe\/index.php\/wp-json\/wp\/v2\/pages"}],"about":[{"href":"https:\/\/www.iepmrc.edu.pe\/index.php\/wp-json\/wp\/v2\/types\/page"}],"author":[{"embeddable":true,"href":"https:\/\/www.iepmrc.edu.pe\/index.php\/wp-json\/wp\/v2\/users\/1"}],"replies":[{"embeddable":true,"href":"https:\/\/www.iepmrc.edu.pe\/index.php\/wp-json\/wp\/v2\/comments?post=663"}],"version-history":[{"count":1,"href":"https:\/\/www.iepmrc.edu.pe\/index.php\/wp-json\/wp\/v2\/pages\/663\/revisions"}],"predecessor-version":[{"id":664,"href":"https:\/\/www.iepmrc.edu.pe\/index.php\/wp-json\/wp\/v2\/pages\/663\/revisions\/664"}],"wp:attachment":[{"href":"https:\/\/www.iepmrc.edu.pe\/index.php\/wp-json\/wp\/v2\/media?parent=663"}],"curies":[{"name":"wp","href":"https:\/\/api.w.org\/{rel}","templated":true}]}}