{"id":706,"date":"2022-06-14T09:28:13","date_gmt":"2022-06-14T09:28:13","guid":{"rendered":"http:\/\/www.iepmrc.edu.pe\/?page_id=706"},"modified":"2022-06-14T09:28:14","modified_gmt":"2022-06-14T09:28:14","slug":"ingles","status":"publish","type":"page","link":"https:\/\/www.iepmrc.edu.pe\/index.php\/ingles\/","title":{"rendered":"Ingl\u00e9s"},"content":{"rendered":"\n<h2 class=\"has-text-align-center wp-block-heading\">DOCENTES DE INGL\u00c9S<\/h2>\n\n\n\n<div class=\"wp-block-columns is-layout-flex wp-container-3\">\n<div class=\"wp-block-column is-layout-flow\"><div class=\"wp-block-image\">\n<figure class=\"aligncenter size-full\"><img decoding=\"async\" loading=\"lazy\" width=\"300\" height=\"200\" src=\"http:\/\/www.iepmrc.edu.pe\/wp-content\/uploads\/2022\/06\/CLAUDIA-VIGO1-300x200-1.jpg\" alt=\"\" class=\"wp-image-707\"\/><\/figure><\/div><\/div>\n\n\n\n<div class=\"wp-block-column is-layout-flow\">\n<p>Prof. Claudia Vigo Garc\u00eda<\/p>\n\n\n\n<p>CONTACTO cvigo@iepmrc.edu.pe<\/p>\n<\/div>\n<\/div>\n\n\n\n<div class=\"wp-block-columns is-layout-flex wp-container-6\">\n<div class=\"wp-block-column is-layout-flow\"><div class=\"wp-block-image\">\n<figure class=\"aligncenter size-full\"><img decoding=\"async\" loading=\"lazy\" width=\"300\" height=\"200\" src=\"http:\/\/www.iepmrc.edu.pe\/wp-content\/uploads\/2022\/06\/FERNANDO-TORRES1-300x200-1.jpg\" alt=\"\" class=\"wp-image-708\"\/><\/figure><\/div><\/div>\n\n\n\n<div class=\"wp-block-column is-layout-flow\">\n<p>Prof. Fernando&nbsp;Torres Vel\u00e1squez<\/p>\n\n\n\n<p>CONTACTO ftorres@iepmrc.edu.pe<\/p>\n<\/div>\n<\/div>\n\n\n\n<div class=\"wp-block-columns is-layout-flex wp-container-9\">\n<div class=\"wp-block-column is-layout-flow\"><div class=\"wp-block-image\">\n<figure class=\"aligncenter size-full\"><img decoding=\"async\" loading=\"lazy\" width=\"300\" height=\"285\" src=\"http:\/\/www.iepmrc.edu.pe\/wp-content\/uploads\/2022\/06\/PATRICIA-JACOBO-300x285-1.jpeg\" alt=\"\" class=\"wp-image-709\"\/><\/figure><\/div><\/div>\n\n\n\n<div class=\"wp-block-column is-layout-flow\">\n<p>Prof. Patricia Mercedes J\u00e1cobo Laos.<\/p>\n\n\n\n<p>CONTACTO pjacobo@iepmrc.edu.pe<\/p>\n<\/div>\n<\/div>\n\n\n\n<div class=\"wp-block-columns is-layout-flex wp-container-12\">\n<div class=\"wp-block-column is-layout-flow\"><div class=\"wp-block-image\">\n<figure class=\"aligncenter size-full\"><img decoding=\"async\" loading=\"lazy\" width=\"300\" height=\"252\" src=\"http:\/\/www.iepmrc.edu.pe\/wp-content\/uploads\/2022\/06\/ALFREDO-300x252-1.jpeg\" alt=\"\" class=\"wp-image-710\"\/><\/figure><\/div><\/div>\n\n\n\n<div class=\"wp-block-column is-layout-flow\">\n<p>Prof. Alfredo Ordo\u00f1ez Injante<\/p>\n\n\n\n<p>CONTACTO aordonez@iepmrc.edu.pe<\/p>\n<\/div>\n<\/div>\n","protected":false},"excerpt":{"rendered":"<p>DOCENTES DE INGL\u00c9S Prof. Claudia Vigo Garc\u00eda CONTACTO cvigo@iepmrc.edu.pe Prof. Fernando&nbsp;Torres Vel\u00e1squez CONTACTO ftorres@iepmrc.edu.pe Prof. Patricia Mercedes J\u00e1cobo Laos. CONTACTO pjacobo@iepmrc.edu.pe Prof. Alfredo Ordo\u00f1ez Injante CONTACTO aordonez@iepmrc.edu.pe<\/p>\n","protected":false},"author":1,"featured_media":0,"parent":0,"menu_order":0,"comment_status":"closed","ping_status":"closed","template":"","meta":{"ngg_post_thumbnail":0},"_links":{"self":[{"href":"https:\/\/www.iepmrc.edu.pe\/index.php\/wp-json\/wp\/v2\/pages\/706"}],"collection":[{"href":"https:\/\/www.iepmrc.edu.pe\/index.php\/wp-json\/wp\/v2\/pages"}],"about":[{"href":"https:\/\/www.iepmrc.edu.pe\/index.php\/wp-json\/wp\/v2\/types\/page"}],"author":[{"embeddable":true,"href":"https:\/\/www.iepmrc.edu.pe\/index.php\/wp-json\/wp\/v2\/users\/1"}],"replies":[{"embeddable":true,"href":"https:\/\/www.iepmrc.edu.pe\/index.php\/wp-json\/wp\/v2\/comments?post=706"}],"version-history":[{"count":1,"href":"https:\/\/www.iepmrc.edu.pe\/index.php\/wp-json\/wp\/v2\/pages\/706\/revisions"}],"predecessor-version":[{"id":711,"href":"https:\/\/www.iepmrc.edu.pe\/index.php\/wp-json\/wp\/v2\/pages\/706\/revisions\/711"}],"wp:attachment":[{"href":"https:\/\/www.iepmrc.edu.pe\/index.php\/wp-json\/wp\/v2\/media?parent=706"}],"curies":[{"name":"wp","href":"https:\/\/api.w.org\/{rel}","templated":true}]}}