{"id":729,"date":"2022-06-14T09:41:12","date_gmt":"2022-06-14T09:41:12","guid":{"rendered":"http:\/\/www.iepmrc.edu.pe\/?page_id=729"},"modified":"2022-06-14T09:41:13","modified_gmt":"2022-06-14T09:41:13","slug":"secretaria","status":"publish","type":"page","link":"https:\/\/www.iepmrc.edu.pe\/index.php\/secretaria\/","title":{"rendered":"Secretar\u00eda"},"content":{"rendered":"\n<p><em>La Secretaria est\u00e1 bajo la direcci\u00f3n de la Directora. Es la persona encargada de velar por el cumplimiento de los registros y controles de tipo acad\u00e9mico tanto a nivel interno como externo, lo mismo que del mantenimiento de los archivos correspondientes, con \u00c9tica profesional y de acuerdo con los criterios del Colegio.&nbsp;<\/em><\/p>\n\n\n\n<p><strong><em>FUNCIONES:<\/em><\/strong><\/p>\n\n\n\n<p><em>Dentro de las funciones de la Secretaria est\u00e1n las siguientes:<\/em><\/p>\n\n\n\n<ul><li><em>Mantener organizada y actualizada la documentaci\u00f3n e informaci\u00f3n de los estudiantes tanto en medio f\u00edsico como en las plataformas establecidas para tal fin.<\/em><\/li><li><em>Gestionar las plataformas establecidas&nbsp;por El Ministerio de Educaci\u00f3n, el Colegio y manteniendo actualizada la informaci\u00f3n y entregando los reportes oportunamente.<\/em><\/li><li><em>Programar la atenci\u00f3n de estudiantes, docentes y padres de familia.<\/em><\/li><li><em>Elaborar, oficios, certificados de notas y constancias.<\/em><\/li><li><em>Colaborar en la organizaci\u00f3n del proceso de matr\u00edcula de los estudiantes.<\/em><\/li><li><em>Llevar los registros correspondientes a libros reglamentarios, asistencia, certificados de estudio y diplomas.<\/em><\/li><li><em>Responder por el manejo y organizaci\u00f3n del archivo.<\/em><\/li><li><em>Responder por el estado de los equipos bajo su responsabilidad y adoptar los mecanismos para su conservaci\u00f3n, protecci\u00f3n y uso adecuado.<\/em><\/li><li><em>Elaborar las listas de estudiantes para efectos docentes y administrativos.<\/em><\/li><li><em>Atender a los PPFF en el horario establecido.<\/em><\/li><li><em>Cumplir las dem\u00e1s funciones que le sean asignadas de acuerdo con la naturaleza del cargo<\/em><\/li><\/ul>\n","protected":false},"excerpt":{"rendered":"<p>La Secretaria est\u00e1 bajo la direcci\u00f3n de la Directora. Es la persona encargada de velar por el cumplimiento de los registros y controles de tipo acad\u00e9mico tanto a nivel interno como externo, lo mismo que del mantenimiento de los archivos correspondientes, con \u00c9tica profesional y de acuerdo con los criterios del Colegio.&nbsp; FUNCIONES: Dentro de [&hellip;]<\/p>\n","protected":false},"author":1,"featured_media":0,"parent":0,"menu_order":0,"comment_status":"closed","ping_status":"closed","template":"","meta":{"ngg_post_thumbnail":0},"_links":{"self":[{"href":"https:\/\/www.iepmrc.edu.pe\/index.php\/wp-json\/wp\/v2\/pages\/729"}],"collection":[{"href":"https:\/\/www.iepmrc.edu.pe\/index.php\/wp-json\/wp\/v2\/pages"}],"about":[{"href":"https:\/\/www.iepmrc.edu.pe\/index.php\/wp-json\/wp\/v2\/types\/page"}],"author":[{"embeddable":true,"href":"https:\/\/www.iepmrc.edu.pe\/index.php\/wp-json\/wp\/v2\/users\/1"}],"replies":[{"embeddable":true,"href":"https:\/\/www.iepmrc.edu.pe\/index.php\/wp-json\/wp\/v2\/comments?post=729"}],"version-history":[{"count":1,"href":"https:\/\/www.iepmrc.edu.pe\/index.php\/wp-json\/wp\/v2\/pages\/729\/revisions"}],"predecessor-version":[{"id":730,"href":"https:\/\/www.iepmrc.edu.pe\/index.php\/wp-json\/wp\/v2\/pages\/729\/revisions\/730"}],"wp:attachment":[{"href":"https:\/\/www.iepmrc.edu.pe\/index.php\/wp-json\/wp\/v2\/media?parent=729"}],"curies":[{"name":"wp","href":"https:\/\/api.w.org\/{rel}","templated":true}]}}