{"id":739,"date":"2022-06-14T09:47:43","date_gmt":"2022-06-14T09:47:43","guid":{"rendered":"http:\/\/www.iepmrc.edu.pe\/?page_id=739"},"modified":"2022-06-14T09:47:44","modified_gmt":"2022-06-14T09:47:44","slug":"vision","status":"publish","type":"page","link":"https:\/\/www.iepmrc.edu.pe\/index.php\/vision\/","title":{"rendered":"Visi\u00f3n"},"content":{"rendered":"\n<h1 class=\"has-text-align-center wp-block-heading\">VISI\u00d3N<\/h1>\n\n\n\n<figure class=\"wp-block-pullquote\"><blockquote><p>Ser una instituci\u00f3n educativa, que brinde una formaci\u00f3n integral de calidad, logrando estudiantes cr\u00edticos, con identidad, autonom\u00eda, capacidad de emprendimiento y profundo dominio disciplinar que les permita acceder a la educaci\u00f3n superior y ejercer su ciudan\u00eda de manera libre y responsable con juicio cr\u00edtico y cient\u00edfico.<\/p><\/blockquote><\/figure>\n","protected":false},"excerpt":{"rendered":"<p>VISI\u00d3N Ser una instituci\u00f3n educativa, que brinde una formaci\u00f3n integral de calidad, logrando estudiantes cr\u00edticos, con identidad, autonom\u00eda, capacidad de emprendimiento y profundo dominio disciplinar que les permita acceder a la educaci\u00f3n superior y ejercer su ciudan\u00eda de manera libre y responsable con juicio cr\u00edtico y cient\u00edfico.<\/p>\n","protected":false},"author":1,"featured_media":0,"parent":0,"menu_order":0,"comment_status":"closed","ping_status":"closed","template":"","meta":{"ngg_post_thumbnail":0},"_links":{"self":[{"href":"https:\/\/www.iepmrc.edu.pe\/index.php\/wp-json\/wp\/v2\/pages\/739"}],"collection":[{"href":"https:\/\/www.iepmrc.edu.pe\/index.php\/wp-json\/wp\/v2\/pages"}],"about":[{"href":"https:\/\/www.iepmrc.edu.pe\/index.php\/wp-json\/wp\/v2\/types\/page"}],"author":[{"embeddable":true,"href":"https:\/\/www.iepmrc.edu.pe\/index.php\/wp-json\/wp\/v2\/users\/1"}],"replies":[{"embeddable":true,"href":"https:\/\/www.iepmrc.edu.pe\/index.php\/wp-json\/wp\/v2\/comments?post=739"}],"version-history":[{"count":1,"href":"https:\/\/www.iepmrc.edu.pe\/index.php\/wp-json\/wp\/v2\/pages\/739\/revisions"}],"predecessor-version":[{"id":740,"href":"https:\/\/www.iepmrc.edu.pe\/index.php\/wp-json\/wp\/v2\/pages\/739\/revisions\/740"}],"wp:attachment":[{"href":"https:\/\/www.iepmrc.edu.pe\/index.php\/wp-json\/wp\/v2\/media?parent=739"}],"curies":[{"name":"wp","href":"https:\/\/api.w.org\/{rel}","templated":true}]}}