{"id":743,"date":"2022-06-14T09:49:25","date_gmt":"2022-06-14T09:49:25","guid":{"rendered":"http:\/\/www.iepmrc.edu.pe\/?page_id=743"},"modified":"2022-06-14T09:49:25","modified_gmt":"2022-06-14T09:49:25","slug":"mision","status":"publish","type":"page","link":"https:\/\/www.iepmrc.edu.pe\/index.php\/mision\/","title":{"rendered":"Misi\u00f3n"},"content":{"rendered":"\n<h1 class=\"has-text-align-center wp-block-heading\">MISI\u00d3N<\/h1>\n\n\n\n<p>La instituci\u00f3n educativa Mariscal Ram\u00f3n Castilla, tiene como misi\u00f3n formar estudiantes en los niveles Inicial, Primaria y secundaria, desarrollar sus capacidades fundamentales, que les permitan alcanzar desempe\u00f1os satisfactorios en su vida, promoviendo el desarrollo de su identidad cultural; propiciando y fortaleciendo la adquisici\u00f3n de conocimientos y valores que promuevan la formaci\u00f3n de una sana personalidad; contando con:<\/p>\n\n\n\n<ul><li>Una estructura moderna y adecuadamente equipada con recursos que est\u00e9n a la altura con los adelantos cient\u00edficos y tecnol\u00f3gicos de la \u00e9poca.<\/li><li>Una propuesta pedag\u00f3gica actualizada, coherente, secuencial, pertinente y competitiva que permita desarrollar, de manera integral los talentos de los estudiantes y que responda a las exigencias del mundo cambiante.<\/li><li>Una propuesta de gesti\u00f3n administrativa sistematizada, eficiente, y eficaz en el uso de los recursos; capaz de atender satisfactoriamente los requerimientos de nuestros usuarios.<\/li><li>Profesionales de la educaci\u00f3n, calificados y actualizados, identificados con los objetivos y fines de la instituci\u00f3n.<\/li><li>Una comunidad educativa integrada, favorable para el desarrollo de las actividades propias del quehacer educativo.<\/li><li>V\u00ednculos y alianzas estrat\u00e9gicas que nos posibiliten intercambiar conocimientos tecnol\u00f3gicos y experiencias, en provecho del mejoramiento de la calidad del servicio con otras entidades<\/li><\/ul>\n","protected":false},"excerpt":{"rendered":"<p>MISI\u00d3N La instituci\u00f3n educativa Mariscal Ram\u00f3n Castilla, tiene como misi\u00f3n formar estudiantes en los niveles Inicial, Primaria y secundaria, desarrollar sus capacidades fundamentales, que les permitan alcanzar desempe\u00f1os satisfactorios en su vida, promoviendo el desarrollo de su identidad cultural; propiciando y fortaleciendo la adquisici\u00f3n de conocimientos y valores que promuevan la formaci\u00f3n de una sana [&hellip;]<\/p>\n","protected":false},"author":1,"featured_media":0,"parent":0,"menu_order":0,"comment_status":"closed","ping_status":"closed","template":"","meta":{"ngg_post_thumbnail":0},"_links":{"self":[{"href":"https:\/\/www.iepmrc.edu.pe\/index.php\/wp-json\/wp\/v2\/pages\/743"}],"collection":[{"href":"https:\/\/www.iepmrc.edu.pe\/index.php\/wp-json\/wp\/v2\/pages"}],"about":[{"href":"https:\/\/www.iepmrc.edu.pe\/index.php\/wp-json\/wp\/v2\/types\/page"}],"author":[{"embeddable":true,"href":"https:\/\/www.iepmrc.edu.pe\/index.php\/wp-json\/wp\/v2\/users\/1"}],"replies":[{"embeddable":true,"href":"https:\/\/www.iepmrc.edu.pe\/index.php\/wp-json\/wp\/v2\/comments?post=743"}],"version-history":[{"count":1,"href":"https:\/\/www.iepmrc.edu.pe\/index.php\/wp-json\/wp\/v2\/pages\/743\/revisions"}],"predecessor-version":[{"id":744,"href":"https:\/\/www.iepmrc.edu.pe\/index.php\/wp-json\/wp\/v2\/pages\/743\/revisions\/744"}],"wp:attachment":[{"href":"https:\/\/www.iepmrc.edu.pe\/index.php\/wp-json\/wp\/v2\/media?parent=743"}],"curies":[{"name":"wp","href":"https:\/\/api.w.org\/{rel}","templated":true}]}}