{"id":747,"date":"2022-06-14T09:50:49","date_gmt":"2022-06-14T09:50:49","guid":{"rendered":"http:\/\/www.iepmrc.edu.pe\/?page_id=747"},"modified":"2022-06-14T09:50:50","modified_gmt":"2022-06-14T09:50:50","slug":"psicologia","status":"publish","type":"page","link":"https:\/\/www.iepmrc.edu.pe\/index.php\/psicologia\/","title":{"rendered":"Psicolog\u00eda"},"content":{"rendered":"\n<h1 class=\"wp-block-heading\">Psicolog\u00eda<\/h1>\n\n\n\n<p>El Departamento Psicol\u00f3gico tiene por finalidad contribuir a la comprensi\u00f3n, planificaci\u00f3n, promoci\u00f3n y mejora de los procesos educativos desde una perspectiva interdisciplinaria que implique la participaci\u00f3n de los agentes educativos comprometidos y motivados al cambio.<\/p>\n\n\n\n<p>&nbsp;<strong>ACTIVIDADES:<\/strong><\/p>\n\n\n\n<p><strong>Evaluaci\u00f3n y Entrevistas Psicol\u00f3gica :<\/strong><\/p>\n\n\n\n<p>Tiene como objetivo identificar las fortalezas y debilidades del educando que permita establecer acciones pertinentes en base a los resultados e&nbsp;informaci\u00f3n obtenida en la detecci\u00f3n, observaci\u00f3n y entrevistas psicol\u00f3gicas.&nbsp;<\/p>\n\n\n\n<p><strong>Intervenci\u00f3n Primaria y Secundaria:<\/strong><\/p>\n\n\n\n<p>Comprende la intervenci\u00f3n individual y grupal:<\/p>\n\n\n\n<ol><li>Consejer\u00eda u Orientaci\u00f3n Psicol\u00f3gica a los alumnos de la Instituci\u00f3n Educativa<\/li><li>Consejer\u00eda u Orientaci\u00f3n Psicol\u00f3gica a los padres de familia, enfatizando en casos espec\u00edficos de seguimiento durante el a\u00f1o escolar<\/li><li>Realizaci\u00f3n de charlas y talleres psicol\u00f3gicos de Desarrollo Personal y psicosocial, que les permita a los alumnos mejor adaptaci\u00f3n a su entorno socio \u2013 educativo, seg\u00fan las necesidades que se presenten en el Centro Educativo.<\/li><li>Realizaci\u00f3n de Charlas, d\u00edpticos y material psico-educativo de difusi\u00f3n para la prevenci\u00f3n y manejo de conductas de riesgo, dirigido a los alumnos y padres de familia.<\/li><\/ol>\n","protected":false},"excerpt":{"rendered":"<p>Psicolog\u00eda El Departamento Psicol\u00f3gico tiene por finalidad contribuir a la comprensi\u00f3n, planificaci\u00f3n, promoci\u00f3n y mejora de los procesos educativos desde una perspectiva interdisciplinaria que implique la participaci\u00f3n de los agentes educativos comprometidos y motivados al cambio. &nbsp;ACTIVIDADES: Evaluaci\u00f3n y Entrevistas Psicol\u00f3gica : Tiene como objetivo identificar las fortalezas y debilidades del educando que permita establecer [&hellip;]<\/p>\n","protected":false},"author":1,"featured_media":0,"parent":0,"menu_order":0,"comment_status":"closed","ping_status":"closed","template":"","meta":{"ngg_post_thumbnail":0},"_links":{"self":[{"href":"https:\/\/www.iepmrc.edu.pe\/index.php\/wp-json\/wp\/v2\/pages\/747"}],"collection":[{"href":"https:\/\/www.iepmrc.edu.pe\/index.php\/wp-json\/wp\/v2\/pages"}],"about":[{"href":"https:\/\/www.iepmrc.edu.pe\/index.php\/wp-json\/wp\/v2\/types\/page"}],"author":[{"embeddable":true,"href":"https:\/\/www.iepmrc.edu.pe\/index.php\/wp-json\/wp\/v2\/users\/1"}],"replies":[{"embeddable":true,"href":"https:\/\/www.iepmrc.edu.pe\/index.php\/wp-json\/wp\/v2\/comments?post=747"}],"version-history":[{"count":1,"href":"https:\/\/www.iepmrc.edu.pe\/index.php\/wp-json\/wp\/v2\/pages\/747\/revisions"}],"predecessor-version":[{"id":748,"href":"https:\/\/www.iepmrc.edu.pe\/index.php\/wp-json\/wp\/v2\/pages\/747\/revisions\/748"}],"wp:attachment":[{"href":"https:\/\/www.iepmrc.edu.pe\/index.php\/wp-json\/wp\/v2\/media?parent=747"}],"curies":[{"name":"wp","href":"https:\/\/api.w.org\/{rel}","templated":true}]}}