{"id":758,"date":"2022-06-14T09:54:08","date_gmt":"2022-06-14T09:54:08","guid":{"rendered":"http:\/\/www.iepmrc.edu.pe\/?page_id=758"},"modified":"2023-04-10T20:06:14","modified_gmt":"2023-04-10T20:06:14","slug":"inicial","status":"publish","type":"page","link":"https:\/\/www.iepmrc.edu.pe\/index.php\/inicial\/","title":{"rendered":"Inicial"},"content":{"rendered":"\n<h1 class=\"wp-block-heading has-text-align-center\">&nbsp;3 A\u00d1OS<\/h1>\n\n\n\n<div class=\"wp-block-group is-layout-flow\"><div class=\"wp-block-group__inner-container\">\n<div class=\"wp-block-columns is-layout-flex wp-container-3\">\n<div class=\"wp-block-column is-layout-flow\">\n<ul>\n<li>MAYA HOPE CHOQUEGONZA HUAYTA<\/li>\n\n\n\n<li>ARIANA FERNANDA TARRILLO CCAYA<\/li>\n\n\n\n<li>STEFANO LUCIANO PARODI MORANTE<\/li>\n\n\n\n<li>LUANA KEYLA SANCHEZ CA\u00d1I <\/li>\n\n\n\n<li>JOSUE EMIR SANCHEZ CA\u00d1I<\/li>\n<\/ul>\n<\/div>\n\n\n\n<div class=\"wp-block-column is-layout-flow\">\n<ul>\n<li>MARIA PIA ALMONTE TEJADA <\/li>\n\n\n\n<li>DANIEL MAURIZIO MARTINEZ ZAVALA<\/li>\n\n\n\n<li>SEBASTIAN EMMANUEL GONZALES LARIOS<\/li>\n\n\n\n<li>DAYLIN ALEJANDRA ZU\u00d1IGA NU\u00d1EZ<\/li>\n<\/ul>\n<\/div>\n<\/div>\n<\/div><\/div>\n\n\n\n<h1 class=\"wp-block-heading has-text-align-center\">4&nbsp;A\u00d1OS<\/h1>\n\n\n\n<div class=\"wp-block-columns is-layout-flex wp-container-6\">\n<div class=\"wp-block-column is-layout-flow\">\n<ul>\n<li>ALBA VEIRA DELGADO LUNA<\/li>\n\n\n\n<li>MARIA FERNANDA GOMEZ QUISPE <\/li>\n\n\n\n<li>IGNACIO CAMILO VALENCIA PACHA<\/li>\n\n\n\n<li>ALESSANDRO VALENTINO VIZCARDO CAYO<\/li>\n<\/ul>\n<\/div>\n<\/div>\n\n\n\n<h1 class=\"wp-block-heading has-text-align-center\">5&nbsp;A\u00d1OS<\/h1>\n\n\n\n<div class=\"wp-block-columns is-layout-flex wp-container-8\">\n<div class=\"wp-block-column is-layout-flow\">\n<ul>\n<li>JOAQU\u00cdN FRANCISCO BERR\u00cdOS ARTETA<\/li>\n\n\n\n<li>DIANA MACARENA CALLE MEDRANO<\/li>\n\n\n\n<li>ADRI\u00c1N GAEL CANO DELGADO <\/li>\n\n\n\n<li>ABRAHAM IGNACIO FARF\u00c1N CONTRERAS<\/li>\n\n\n\n<li>CAROMI FERNANDA DIAZ CRUZ<\/li>\n\n\n\n<li>JULIETA LUCIA RIVERA ESCOBAR <\/li>\n\n\n\n<li>LIA VALENTINA SOLIS PINEDA <\/li>\n\n\n\n<li>ODETTE EMILIA VARGAS BEDOYA<\/li>\n<\/ul>\n<\/div>\n<\/div>\n","protected":false},"excerpt":{"rendered":"<p>&nbsp;3 A\u00d1OS 4&nbsp;A\u00d1OS 5&nbsp;A\u00d1OS<\/p>\n","protected":false},"author":1,"featured_media":0,"parent":0,"menu_order":0,"comment_status":"closed","ping_status":"closed","template":"","meta":{"ngg_post_thumbnail":0},"_links":{"self":[{"href":"https:\/\/www.iepmrc.edu.pe\/index.php\/wp-json\/wp\/v2\/pages\/758"}],"collection":[{"href":"https:\/\/www.iepmrc.edu.pe\/index.php\/wp-json\/wp\/v2\/pages"}],"about":[{"href":"https:\/\/www.iepmrc.edu.pe\/index.php\/wp-json\/wp\/v2\/types\/page"}],"author":[{"embeddable":true,"href":"https:\/\/www.iepmrc.edu.pe\/index.php\/wp-json\/wp\/v2\/users\/1"}],"replies":[{"embeddable":true,"href":"https:\/\/www.iepmrc.edu.pe\/index.php\/wp-json\/wp\/v2\/comments?post=758"}],"version-history":[{"count":9,"href":"https:\/\/www.iepmrc.edu.pe\/index.php\/wp-json\/wp\/v2\/pages\/758\/revisions"}],"predecessor-version":[{"id":1165,"href":"https:\/\/www.iepmrc.edu.pe\/index.php\/wp-json\/wp\/v2\/pages\/758\/revisions\/1165"}],"wp:attachment":[{"href":"https:\/\/www.iepmrc.edu.pe\/index.php\/wp-json\/wp\/v2\/media?parent=758"}],"curies":[{"name":"wp","href":"https:\/\/api.w.org\/{rel}","templated":true}]}}