{"id":772,"date":"2022-06-14T10:07:32","date_gmt":"2022-06-14T10:07:32","guid":{"rendered":"http:\/\/www.iepmrc.edu.pe\/?page_id=772"},"modified":"2023-04-10T20:20:32","modified_gmt":"2023-04-10T20:20:32","slug":"primaria-2","status":"publish","type":"page","link":"https:\/\/www.iepmrc.edu.pe\/index.php\/primaria-2\/","title":{"rendered":"Primaria"},"content":{"rendered":"\n<h2 class=\"wp-block-heading has-text-align-center\">PRIMER GRADO<\/h2>\n\n\n\n<div class=\"wp-block-columns is-layout-flex wp-container-3\">\n<div class=\"wp-block-column is-layout-flow\">\n<ul>\n<li>LEONARDO RAPHAEL COPACONDORI FERNANDEZ\u00a0 <\/li>\n\n\n\n<li>GONZALO JOSE ALANOCA VILDOSO<\/li>\n\n\n\n<li>JOAQU\u00cdN MATEO HERENCIA TICONA<\/li>\n\n\n\n<li>ITZAYANA THAILY JAHUIRA CHARCA <\/li>\n\n\n\n<li>ANGELA NICOLE LAURA RUBIRA<\/li>\n<\/ul>\n<\/div>\n\n\n\n<div class=\"wp-block-column is-layout-flow\">\n<ul>\n<li>YAREZMI KORINA MENDEZ PERALTA<\/li>\n\n\n\n<li>CATALINA RAFAELA PORTILLA NARVASTA<\/li>\n\n\n\n<li>ROMINA SAORI TORRES ROQUE <\/li>\n\n\n\n<li>DYLAN ALEXANDER VIZCARDO CAYO <\/li>\n\n\n\n<li>JUAN RODRIGO Z\u00da\u00d1IGA N\u00da\u00d1EZ<\/li>\n<\/ul>\n<\/div>\n<\/div>\n\n\n\n<h2 class=\"wp-block-heading has-text-align-center\">SEGUNDO&nbsp;GRADO<\/h2>\n\n\n\n<div class=\"wp-block-columns is-layout-flex wp-container-6\">\n<div class=\"wp-block-column is-layout-flow\">\n<ul>\n<li>DIEGO ALVARO CALLE MEDRANO <\/li>\n\n\n\n<li>JOAQUIN CALEB CHAVEZ MENDOZA <\/li>\n\n\n\n<li>JOAQUIN CALEB CHAVEZ MENDOZA <\/li>\n\n\n\n<li>SOFIA GRACE CHOQUEGONZA HUAYTA<\/li>\n\n\n\n<li>KRISTELL MICHELA CRUZ VASQUEZ <\/li>\n\n\n\n<li>DARA ANDREA MAMANI QUISPE <\/li>\n\n\n\n<li>BENJAMIN RAFAEL OVIEDO ALVAREZ<\/li>\n<\/ul>\n<\/div>\n\n\n\n<div class=\"wp-block-column is-layout-flow\">\n<ul>\n<li>ABIGAIL DAENERYS PERALTA OLIVA <\/li>\n\n\n\n<li>ATTIK\u00a0 ROMAN FRISANCHO <\/li>\n\n\n\n<li>EMERSON ISMAEL ULLOA ABRIL <\/li>\n\n\n\n<li>GAEL FERNANDO VALENZUELA DOMINGUEZ<\/li>\n\n\n\n<li>MATTEO FRANCISCO VIDURRIZAGA CAVERO<\/li>\n<\/ul>\n<\/div>\n<\/div>\n\n\n\n<h2 class=\"wp-block-heading has-text-align-center\">TERCER&nbsp;GRADO<\/h2>\n\n\n\n<div class=\"wp-block-columns is-layout-flex wp-container-9\">\n<div class=\"wp-block-column is-layout-flow\">\n<ul>\n<li>CHRISTOPHER PATRICIO CARPIO NU\u00d1EZ<\/li>\n\n\n\n<li>DIEGO ALONSO CHOCANO DE VINATEA<\/li>\n\n\n\n<li>ADRIANA SOFIA DEL CARPIO ALCAZAR<\/li>\n\n\n\n<li>SEBATIAN AGUSTIN GOMEZ QUISPE<\/li>\n\n\n\n<li>EDUARDO\u00a0 MANUEL GONZALES DIAZ <\/li>\n\n\n\n<li>JOSE MANUEL GONZALES DIAZ <\/li>\n\n\n\n<li>KASANDRA VALENTINA HERENCIA TICONA<\/li>\n<\/ul>\n<\/div>\n\n\n\n<div class=\"wp-block-column is-layout-flow\">\n<ul>\n<li>DAYANA ISABEL HUAYHUA TOTORA <\/li>\n\n\n\n<li>REBECA SARAI MACEDO ANQUISE<\/li>\n\n\n\n<li>CAROLAIN FRANCESCA PAREDES LOAIZA<\/li>\n\n\n\n<li>FAED CAETANA PORTILLA NARVASTA<\/li>\n\n\n\n<li>GABRIELA MIKAELA VALENCIA PACHA<\/li>\n\n\n\n<li>HAROLD MATTHEWS RODAS MONCADA<\/li>\n\n\n\n<li>REBECA BELEN ZEVALLOS NU\u00d1EZ<\/li>\n<\/ul>\n<\/div>\n<\/div>\n\n\n\n<h2 class=\"wp-block-heading has-text-align-center\">CUARTO&nbsp;GRADO<\/h2>\n\n\n\n<div class=\"wp-block-columns is-layout-flex wp-container-11\">\n<div class=\"wp-block-column is-layout-flow\">\n<ul>\n<li>LUANA ARLETTE LUNA JIMENEZ <\/li>\n\n\n\n<li>ABRAHAM DANIEL MARQUEZ DELGADILLO<\/li>\n\n\n\n<li>SEBATIAN MARIO MENDEZ PERALTA<\/li>\n\n\n\n<li>RAFAELA FERNANDA QUEZADA VIZCARDO<\/li>\n<\/ul>\n<\/div>\n<\/div>\n\n\n\n<h2 class=\"wp-block-heading has-text-align-center\">QUINTO GRADO<\/h2>\n\n\n\n<div class=\"wp-block-columns is-layout-flex wp-container-14\">\n<div class=\"wp-block-column is-layout-flow\">\n<ul>\n<li>KAMILAH SAMANTHA ALVAREZ ACHATA<\/li>\n\n\n\n<li>JOAQUIN FABRICIO CANO DELGADO <\/li>\n\n\n\n<li>TADEO JOSE DAPOZZO RIVERA <\/li>\n\n\n\n<li>LUIS RODRIGO DEL CARPIO ALCAZAR <\/li>\n\n\n\n<li>ABDIEL JHONY HUAYHUA TOTORA<\/li>\n<\/ul>\n<\/div>\n\n\n\n<div class=\"wp-block-column is-layout-flow\">\n<ul>\n<li>ANA PAULA MARQUEZ DELGADILLO<\/li>\n\n\n\n<li>ADRIANA MARCELA MU\u00d1OZ SARMIENTO<\/li>\n\n\n\n<li>JOSE ALESSANDRO OVIEDO ALVAREZ<\/li>\n\n\n\n<li>BRIANNA NAID REVILLA PERALTA <\/li>\n\n\n\n<li>MIQUELA VALENTINA VALENZUELA DOMINGUEZ<\/li>\n<\/ul>\n<\/div>\n<\/div>\n\n\n\n<h2 class=\"wp-block-heading has-text-align-center\">SEXTO&nbsp;GRADO<\/h2>\n\n\n\n<div class=\"wp-block-columns is-layout-flex wp-container-17\">\n<div class=\"wp-block-column is-layout-flow\">\n<ul>\n<li>GERALD ADRIAN DIAZ MOTTA <\/li>\n\n\n\n<li>MARTIN FABRIZIO ELESCANO PALOMINO<\/li>\n\n\n\n<li>FERNANDA GABRIELA ESCOBAR FUCHS <\/li>\n\n\n\n<li>ELSA CAROLINA GARCIA CARRASCO<\/li>\n\n\n\n<li>SAMUEL JOSU\u00c9 MALDONADO CONTRERAS<\/li>\n\n\n\n<li>SOFIA MARIANA MANRIQUE SILVA<\/li>\n<\/ul>\n<\/div>\n\n\n\n<div class=\"wp-block-column is-layout-flow\">\n<ul>\n<li>GUILLERMO EMANUEL NU\u00d1EZ SALINAS<\/li>\n\n\n\n<li>LEANDRO ALEXANDER PANTIGOZO MONJE<\/li>\n\n\n\n<li>TOMAS IGNACIO ANTONIO PARODI MORANTE <\/li>\n\n\n\n<li>JOHN ADRIAN RIVERA ESCOBAR <\/li>\n\n\n\n<li>RODRIGO KATSUO TORRES ROQUE<\/li>\n<\/ul>\n<\/div>\n<\/div>\n","protected":false},"excerpt":{"rendered":"<p>PRIMER GRADO SEGUNDO&nbsp;GRADO TERCER&nbsp;GRADO CUARTO&nbsp;GRADO QUINTO GRADO SEXTO&nbsp;GRADO<\/p>\n","protected":false},"author":1,"featured_media":0,"parent":0,"menu_order":0,"comment_status":"closed","ping_status":"closed","template":"","meta":{"ngg_post_thumbnail":0},"_links":{"self":[{"href":"https:\/\/www.iepmrc.edu.pe\/index.php\/wp-json\/wp\/v2\/pages\/772"}],"collection":[{"href":"https:\/\/www.iepmrc.edu.pe\/index.php\/wp-json\/wp\/v2\/pages"}],"about":[{"href":"https:\/\/www.iepmrc.edu.pe\/index.php\/wp-json\/wp\/v2\/types\/page"}],"author":[{"embeddable":true,"href":"https:\/\/www.iepmrc.edu.pe\/index.php\/wp-json\/wp\/v2\/users\/1"}],"replies":[{"embeddable":true,"href":"https:\/\/www.iepmrc.edu.pe\/index.php\/wp-json\/wp\/v2\/comments?post=772"}],"version-history":[{"count":2,"href":"https:\/\/www.iepmrc.edu.pe\/index.php\/wp-json\/wp\/v2\/pages\/772\/revisions"}],"predecessor-version":[{"id":1167,"href":"https:\/\/www.iepmrc.edu.pe\/index.php\/wp-json\/wp\/v2\/pages\/772\/revisions\/1167"}],"wp:attachment":[{"href":"https:\/\/www.iepmrc.edu.pe\/index.php\/wp-json\/wp\/v2\/media?parent=772"}],"curies":[{"name":"wp","href":"https:\/\/api.w.org\/{rel}","templated":true}]}}